{"id":1172,"date":"2025-03-20T12:05:18","date_gmt":"2025-03-20T12:05:18","guid":{"rendered":"https:\/\/jaffvtt.fr\/?page_id=1172"},"modified":"2025-10-29T11:36:35","modified_gmt":"2025-10-29T11:36:35","slug":"jaff-vtt-4","status":"publish","type":"page","link":"https:\/\/jaffvtt.fr\/","title":{"rendered":"Jaff VTT"},"content":{"rendered":"\t\t<div data-elementor-type=\"wp-page\" data-elementor-id=\"1172\" class=\"elementor elementor-1172\">\n\t\t\t\t<div class=\"elementor-element elementor-element-b841518 e-flex e-con-boxed e-con e-parent\" data-id=\"b841518\" data-element_type=\"container\" data-e-type=\"container\" data-settings=\"{&quot;background_background&quot;:&quot;classic&quot;}\">\n\t\t\t\t\t<div class=\"e-con-inner\">\n\t\t\t\t<div class=\"elementor-element elementor-element-d07b5e4 elementor-widget elementor-widget-text-editor\" data-id=\"d07b5e4\" data-element_type=\"widget\" data-e-type=\"widget\" data-widget_type=\"text-editor.default\">\n\t\t\t\t<div class=\"elementor-widget-container\">\n\t\t\t\t\t\t\t\t\t<p style=\"text-align: center;\"><em>Sp\u00e9cialiste de la suspension, location, r\u00e9paration et vente de v\u00e9los, au coeur des Portes Du Soleil.<\/em><\/p>\t\t\t\t\t\t\t\t<\/div>\n\t\t\t\t<\/div>\n\t\t\t\t\t<\/div>\n\t\t\t\t<\/div>\n\t\t<div class=\"elementor-element elementor-element-1fc18b0 e-con-full e-flex e-con e-parent\" data-id=\"1fc18b0\" data-element_type=\"container\" data-e-type=\"container\">\n\t\t<div class=\"elementor-element elementor-element-1fe69cb e-con-full e-flex e-con e-child\" data-id=\"1fe69cb\" data-element_type=\"container\" data-e-type=\"container\" data-settings=\"{&quot;background_background&quot;:&quot;classic&quot;}\">\n\t\t\t\t<div class=\"elementor-element elementor-element-7f3b6dc elementor-widget elementor-widget-heading\" data-id=\"7f3b6dc\" data-element_type=\"widget\" data-e-type=\"widget\" data-widget_type=\"heading.default\">\n\t\t\t\t<div class=\"elementor-widget-container\">\n\t\t\t\t\t<h2 class=\"elementor-heading-title elementor-size-default\"><a href=\"https:\/\/jaffvtt.fr\/index.php\/jaff-vtt-magasin\/\">JAFF VTT MAGASIN<\/a><\/h2>\t\t\t\t<\/div>\n\t\t\t\t<\/div>\n\t\t\t\t<div class=\"elementor-element elementor-element-abdb227 elementor-align-center elementor-widget elementor-widget-button\" data-id=\"abdb227\" data-element_type=\"widget\" data-e-type=\"widget\" data-widget_type=\"button.default\">\n\t\t\t\t<div class=\"elementor-widget-container\">\n\t\t\t\t\t\t\t\t\t<div class=\"elementor-button-wrapper\">\n\t\t\t\t\t<a class=\"elementor-button elementor-button-link elementor-size-sm elementor-animation-grow\" href=\"https:\/\/jaffvtt.fr\/index.php\/jaff-vtt-magasin\/\">\n\t\t\t\t\t\t<span class=\"elementor-button-content-wrapper\">\n\t\t\t\t\t\t\t\t\t<span class=\"elementor-button-text\">ENTRER<\/span>\n\t\t\t\t\t<\/span>\n\t\t\t\t\t<\/a>\n\t\t\t\t<\/div>\n\t\t\t\t\t\t\t\t<\/div>\n\t\t\t\t<\/div>\n\t\t\t\t<div class=\"elementor-element elementor-element-a7b79e1 elementor-widget elementor-widget-spacer\" data-id=\"a7b79e1\" data-element_type=\"widget\" data-e-type=\"widget\" data-widget_type=\"spacer.default\">\n\t\t\t\t<div class=\"elementor-widget-container\">\n\t\t\t\t\t\t\t<div class=\"elementor-spacer\">\n\t\t\t<div class=\"elementor-spacer-inner\"><\/div>\n\t\t<\/div>\n\t\t\t\t\t\t<\/div>\n\t\t\t\t<\/div>\n\t\t\t\t<div class=\"elementor-element elementor-element-9a1f35a elementor-widget elementor-widget-image\" data-id=\"9a1f35a\" data-element_type=\"widget\" data-e-type=\"widget\" data-widget_type=\"image.default\">\n\t\t\t\t<div class=\"elementor-widget-container\">\n\t\t\t\t\t\t\t\t\t\t\t\t\t\t\t\t<a href=\"https:\/\/jaffvtt.fr\/index.php\/jaff-vtt-magasin\/\">\n\t\t\t\t\t\t\t<img fetchpriority=\"high\" decoding=\"async\" width=\"590\" height=\"590\" src=\"http:\/\/jaffvtt.fr\/wp-content\/uploads\/2025\/04\/jaff-shop-front-4.jpg\" class=\"attachment-large size-large wp-image-1946\" alt=\"\" srcset=\"http:\/\/jaffvtt.fr\/wp-content\/uploads\/2025\/04\/jaff-shop-front-4.jpg 590w, http:\/\/jaffvtt.fr\/wp-content\/uploads\/2025\/04\/jaff-shop-front-4-300x300.jpg 300w, http:\/\/jaffvtt.fr\/wp-content\/uploads\/2025\/04\/jaff-shop-front-4-150x150.jpg 150w\" sizes=\"100vw\" \/>\t\t\t\t\t\t\t\t<\/a>\n\t\t\t\t\t\t\t\t\t\t\t\t\t\t\t<\/div>\n\t\t\t\t<\/div>\n\t\t\t\t<\/div>\n\t\t<div class=\"elementor-element elementor-element-6159535 e-con-full e-flex e-con e-child\" data-id=\"6159535\" data-element_type=\"container\" data-e-type=\"container\" data-settings=\"{&quot;background_background&quot;:&quot;classic&quot;}\">\n\t\t\t\t<div class=\"elementor-element elementor-element-f72b128 elementor-widget elementor-widget-heading\" data-id=\"f72b128\" data-element_type=\"widget\" data-e-type=\"widget\" data-widget_type=\"heading.default\">\n\t\t\t\t<div class=\"elementor-widget-container\">\n\t\t\t\t\t<h2 class=\"elementor-heading-title elementor-size-default\"><a href=\"https:\/\/jaffvtt.fr\/index.php\/jaff-suspension-entretien-de-la-suspension\/\">JAFF SUSPENSION<\/a><\/h2>\t\t\t\t<\/div>\n\t\t\t\t<\/div>\n\t\t\t\t<div class=\"elementor-element elementor-element-e494df1 elementor-align-center elementor-widget elementor-widget-button\" data-id=\"e494df1\" data-element_type=\"widget\" data-e-type=\"widget\" data-widget_type=\"button.default\">\n\t\t\t\t<div class=\"elementor-widget-container\">\n\t\t\t\t\t\t\t\t\t<div class=\"elementor-button-wrapper\">\n\t\t\t\t\t<a class=\"elementor-button elementor-button-link elementor-size-sm elementor-animation-grow\" href=\"https:\/\/jaffvtt.fr\/index.php\/jaff-suspension-entretien-de-la-suspension\/\">\n\t\t\t\t\t\t<span class=\"elementor-button-content-wrapper\">\n\t\t\t\t\t\t\t\t\t<span class=\"elementor-button-text\">ENTRER<\/span>\n\t\t\t\t\t<\/span>\n\t\t\t\t\t<\/a>\n\t\t\t\t<\/div>\n\t\t\t\t\t\t\t\t<\/div>\n\t\t\t\t<\/div>\n\t\t\t\t<div class=\"elementor-element elementor-element-04c98fb elementor-widget elementor-widget-spacer\" data-id=\"04c98fb\" data-element_type=\"widget\" data-e-type=\"widget\" data-widget_type=\"spacer.default\">\n\t\t\t\t<div class=\"elementor-widget-container\">\n\t\t\t\t\t\t\t<div class=\"elementor-spacer\">\n\t\t\t<div class=\"elementor-spacer-inner\"><\/div>\n\t\t<\/div>\n\t\t\t\t\t\t<\/div>\n\t\t\t\t<\/div>\n\t\t\t\t<div class=\"elementor-element elementor-element-3cd081c elementor-widget elementor-widget-image\" data-id=\"3cd081c\" data-element_type=\"widget\" data-e-type=\"widget\" data-widget_type=\"image.default\">\n\t\t\t\t<div class=\"elementor-widget-container\">\n\t\t\t\t\t\t\t\t\t\t\t\t\t\t\t\t<a href=\"https:\/\/jaffvtt.fr\/index.php\/jaff-suspension-entretien-de-la-suspension\/\">\n\t\t\t\t\t\t\t<img decoding=\"async\" width=\"767\" height=\"767\" src=\"http:\/\/jaffvtt.fr\/wp-content\/uploads\/2025\/03\/Jaff-Suspension.jpg\" class=\"attachment-large size-large wp-image-1127\" alt=\"\" srcset=\"http:\/\/jaffvtt.fr\/wp-content\/uploads\/2025\/03\/Jaff-Suspension.jpg 767w, http:\/\/jaffvtt.fr\/wp-content\/uploads\/2025\/03\/Jaff-Suspension-300x300.jpg 300w, http:\/\/jaffvtt.fr\/wp-content\/uploads\/2025\/03\/Jaff-Suspension-150x150.jpg 150w\" sizes=\"100vw\" \/>\t\t\t\t\t\t\t\t<\/a>\n\t\t\t\t\t\t\t\t\t\t\t\t\t\t\t<\/div>\n\t\t\t\t<\/div>\n\t\t\t\t<\/div>\n\t\t\t\t<\/div>\n\t\t<div class=\"elementor-element elementor-element-8efe61f e-flex e-con-boxed e-con e-parent\" data-id=\"8efe61f\" data-element_type=\"container\" data-e-type=\"container\">\n\t\t\t\t\t<div class=\"e-con-inner\">\n\t\t\t\t<div class=\"elementor-element elementor-element-a6b60e2 elementor-widget elementor-widget-spacer\" data-id=\"a6b60e2\" data-element_type=\"widget\" data-e-type=\"widget\" data-widget_type=\"spacer.default\">\n\t\t\t\t<div class=\"elementor-widget-container\">\n\t\t\t\t\t\t\t<div class=\"elementor-spacer\">\n\t\t\t<div class=\"elementor-spacer-inner\"><\/div>\n\t\t<\/div>\n\t\t\t\t\t\t<\/div>\n\t\t\t\t<\/div>\n\t\t\t\t\t<\/div>\n\t\t\t\t<\/div>\n\t\t<div class=\"elementor-element elementor-element-3591902 e-flex e-con-boxed e-con e-parent\" data-id=\"3591902\" data-element_type=\"container\" data-e-type=\"container\">\n\t\t\t\t\t<div class=\"e-con-inner\">\n\t\t<div class=\"elementor-element elementor-element-ce9a40a e-con-full e-flex e-con e-child\" data-id=\"ce9a40a\" data-element_type=\"container\" data-e-type=\"container\">\n\t\t\t\t<div class=\"elementor-element elementor-element-dd0d832 elementor-widget elementor-widget-image\" data-id=\"dd0d832\" data-element_type=\"widget\" data-e-type=\"widget\" data-widget_type=\"image.default\">\n\t\t\t\t<div class=\"elementor-widget-container\">\n\t\t\t\t\t\t\t\t\t\t\t\t\t\t\t<img decoding=\"async\" width=\"1024\" height=\"207\" src=\"http:\/\/jaffvtt.fr\/wp-content\/uploads\/2025\/03\/b9d92eb7-82f2-4f7d-b0da-10334260d90a-1024x207.png\" class=\"attachment-large size-large wp-image-882\" alt=\"\" srcset=\"http:\/\/jaffvtt.fr\/wp-content\/uploads\/2025\/03\/b9d92eb7-82f2-4f7d-b0da-10334260d90a-1024x207.png 1024w, http:\/\/jaffvtt.fr\/wp-content\/uploads\/2025\/03\/b9d92eb7-82f2-4f7d-b0da-10334260d90a-300x61.png 300w, http:\/\/jaffvtt.fr\/wp-content\/uploads\/2025\/03\/b9d92eb7-82f2-4f7d-b0da-10334260d90a-2000x404.png 2000w, http:\/\/jaffvtt.fr\/wp-content\/uploads\/2025\/03\/b9d92eb7-82f2-4f7d-b0da-10334260d90a-1536x310.png 1536w, http:\/\/jaffvtt.fr\/wp-content\/uploads\/2025\/03\/b9d92eb7-82f2-4f7d-b0da-10334260d90a-2048x413.png 2048w\" sizes=\"100vw\" \/>\t\t\t\t\t\t\t\t\t\t\t\t\t\t\t<\/div>\n\t\t\t\t<\/div>\n\t\t\t\t<\/div>\n\t\t<div class=\"elementor-element elementor-element-139b437 e-con-full e-flex e-con e-child\" data-id=\"139b437\" data-element_type=\"container\" data-e-type=\"container\">\n\t\t\t\t<div class=\"elementor-element elementor-element-34aac5f elementor-widget elementor-widget-image\" data-id=\"34aac5f\" data-element_type=\"widget\" data-e-type=\"widget\" data-widget_type=\"image.default\">\n\t\t\t\t<div class=\"elementor-widget-container\">\n\t\t\t\t\t\t\t\t\t\t\t\t\t\t\t<img loading=\"lazy\" decoding=\"async\" width=\"580\" height=\"118\" src=\"http:\/\/jaffvtt.fr\/wp-content\/uploads\/2025\/03\/fox-factory-logo-transparent-background-1.png\" class=\"attachment-large size-large wp-image-949\" alt=\"\" srcset=\"http:\/\/jaffvtt.fr\/wp-content\/uploads\/2025\/03\/fox-factory-logo-transparent-background-1.png 580w, http:\/\/jaffvtt.fr\/wp-content\/uploads\/2025\/03\/fox-factory-logo-transparent-background-1-300x61.png 300w\" sizes=\"100vw\" \/>\t\t\t\t\t\t\t\t\t\t\t\t\t\t\t<\/div>\n\t\t\t\t<\/div>\n\t\t\t\t<\/div>\n\t\t\t\t\t<\/div>\n\t\t\t\t<\/div>\n\t\t<div class=\"elementor-element elementor-element-d91a5b7 e-flex e-con-boxed e-con e-parent\" data-id=\"d91a5b7\" data-element_type=\"container\" data-e-type=\"container\">\n\t\t\t\t\t<div class=\"e-con-inner\">\n\t\t\t\t<div class=\"elementor-element elementor-element-934b529 elementor-widget elementor-widget-image\" data-id=\"934b529\" data-element_type=\"widget\" data-e-type=\"widget\" data-widget_type=\"image.default\">\n\t\t\t\t<div class=\"elementor-widget-container\">\n\t\t\t\t\t\t\t\t\t\t\t\t\t\t\t<img loading=\"lazy\" decoding=\"async\" width=\"1024\" height=\"225\" src=\"http:\/\/jaffvtt.fr\/wp-content\/uploads\/2025\/04\/Brands-6-1024x225.png\" class=\"attachment-large size-large wp-image-1457\" alt=\"\" srcset=\"http:\/\/jaffvtt.fr\/wp-content\/uploads\/2025\/04\/Brands-6-1024x225.png 1024w, http:\/\/jaffvtt.fr\/wp-content\/uploads\/2025\/04\/Brands-6-300x66.png 300w, http:\/\/jaffvtt.fr\/wp-content\/uploads\/2025\/04\/Brands-6.png 1200w\" sizes=\"100vw\" \/>\t\t\t\t\t\t\t\t\t\t\t\t\t\t\t<\/div>\n\t\t\t\t<\/div>\n\t\t\t\t\t<\/div>\n\t\t\t\t<\/div>\n\t\t<div class=\"elementor-element elementor-element-7e6d655 e-flex e-con-boxed e-con e-parent\" data-id=\"7e6d655\" data-element_type=\"container\" data-e-type=\"container\">\n\t\t\t\t\t<div class=\"e-con-inner\">\n\t\t\t\t<div class=\"elementor-element elementor-element-c6d0583 elementor-widget elementor-widget-spacer\" data-id=\"c6d0583\" data-element_type=\"widget\" data-e-type=\"widget\" data-widget_type=\"spacer.default\">\n\t\t\t\t<div class=\"elementor-widget-container\">\n\t\t\t\t\t\t\t<div class=\"elementor-spacer\">\n\t\t\t<div class=\"elementor-spacer-inner\"><\/div>\n\t\t<\/div>\n\t\t\t\t\t\t<\/div>\n\t\t\t\t<\/div>\n\t\t\t\t\t<\/div>\n\t\t\t\t<\/div>\n\t\t\t\t<\/div>\n\t\t","protected":false},"excerpt":{"rendered":"<p>Sp\u00e9cialiste de la suspension, location, r\u00e9paration et vente de v\u00e9los, au coeur des Portes Du Soleil. JAFF VTT MAGASIN ENTRER JAFF SUSPENSION ENTRER<\/p>\n","protected":false},"author":1,"featured_media":0,"parent":0,"menu_order":0,"comment_status":"closed","ping_status":"closed","template":"","meta":{"footnotes":""},"class_list":["post-1172","page","type-page","status-publish","hentry"],"_links":{"self":[{"href":"http:\/\/jaffvtt.fr\/index.php\/wp-json\/wp\/v2\/pages\/1172","targetHints":{"allow":["GET"]}}],"collection":[{"href":"http:\/\/jaffvtt.fr\/index.php\/wp-json\/wp\/v2\/pages"}],"about":[{"href":"http:\/\/jaffvtt.fr\/index.php\/wp-json\/wp\/v2\/types\/page"}],"author":[{"embeddable":true,"href":"http:\/\/jaffvtt.fr\/index.php\/wp-json\/wp\/v2\/users\/1"}],"replies":[{"embeddable":true,"href":"http:\/\/jaffvtt.fr\/index.php\/wp-json\/wp\/v2\/comments?post=1172"}],"version-history":[{"count":68,"href":"http:\/\/jaffvtt.fr\/index.php\/wp-json\/wp\/v2\/pages\/1172\/revisions"}],"predecessor-version":[{"id":2064,"href":"http:\/\/jaffvtt.fr\/index.php\/wp-json\/wp\/v2\/pages\/1172\/revisions\/2064"}],"wp:attachment":[{"href":"http:\/\/jaffvtt.fr\/index.php\/wp-json\/wp\/v2\/media?parent=1172"}],"curies":[{"name":"wp","href":"https:\/\/api.w.org\/{rel}","templated":true}]}}