{"id":1221,"date":"2025-03-20T12:36:15","date_gmt":"2025-03-20T12:36:15","guid":{"rendered":"https:\/\/jaffvtt.fr\/?page_id=1221"},"modified":"2025-04-01T14:01:38","modified_gmt":"2025-04-01T14:01:38","slug":"telemetrie","status":"publish","type":"page","link":"https:\/\/jaffvtt.fr\/index.php\/telemetrie\/","title":{"rendered":"T\u00e9l\u00e9m\u00e9trie"},"content":{"rendered":"\t\t<div data-elementor-type=\"wp-page\" data-elementor-id=\"1221\" class=\"elementor elementor-1221\">\n\t\t\t\t<div class=\"elementor-element elementor-element-ffbdd3f e-flex e-con-boxed e-con e-parent\" data-id=\"ffbdd3f\" data-element_type=\"container\" data-e-type=\"container\">\n\t\t\t\t\t<div class=\"e-con-inner\">\n\t\t\t\t<div class=\"elementor-element elementor-element-59910c7 elementor-widget elementor-widget-heading\" data-id=\"59910c7\" data-element_type=\"widget\" data-e-type=\"widget\" data-widget_type=\"heading.default\">\n\t\t\t\t<div class=\"elementor-widget-container\">\n\t\t\t\t\t<h2 class=\"elementor-heading-title elementor-size-default\">T\u00c9L\u00c9M\u00c9TRIE<\/h2>\t\t\t\t<\/div>\n\t\t\t\t<\/div>\n\t\t\t\t\t<\/div>\n\t\t\t\t<\/div>\n\t\t<div class=\"elementor-element elementor-element-430bebf e-flex e-con-boxed e-con e-parent\" data-id=\"430bebf\" data-element_type=\"container\" data-e-type=\"container\" data-settings=\"{&quot;background_background&quot;:&quot;classic&quot;}\">\n\t\t\t\t\t<div class=\"e-con-inner\">\n\t\t\t\t<div class=\"elementor-element elementor-element-be8e754 elementor-widget elementor-widget-text-editor\" data-id=\"be8e754\" data-element_type=\"widget\" data-e-type=\"widget\" data-widget_type=\"text-editor.default\">\n\t\t\t\t<div class=\"elementor-widget-container\">\n\t\t\t\t\t\t\t\t\t<p>Un r\u00e9glage parfait \u00e0 chaque fois gr\u00e2ce aux syst\u00e8mes d&#8217;acquisition de donn\u00e9es de t\u00e9l\u00e9m\u00e9trie BYB.<\/p><p>V\u00e9rifiez l&#8217;\u00e9quilibre, la compensation, le rebond et le freinage \u00e0 l&#8217;aide du GPS pour un r\u00e9glage parfait.<\/p>\t\t\t\t\t\t\t\t<\/div>\n\t\t\t\t<\/div>\n\t\t\t\t\t<\/div>\n\t\t\t\t<\/div>\n\t\t<div class=\"elementor-element elementor-element-e779aa9 e-flex e-con-boxed e-con e-parent\" data-id=\"e779aa9\" data-element_type=\"container\" data-e-type=\"container\">\n\t\t\t\t\t<div class=\"e-con-inner\">\n\t\t\t\t<div class=\"elementor-element elementor-element-897956a elementor-widget elementor-widget-spacer\" data-id=\"897956a\" data-element_type=\"widget\" data-e-type=\"widget\" data-widget_type=\"spacer.default\">\n\t\t\t\t<div class=\"elementor-widget-container\">\n\t\t\t\t\t\t\t<div class=\"elementor-spacer\">\n\t\t\t<div class=\"elementor-spacer-inner\"><\/div>\n\t\t<\/div>\n\t\t\t\t\t\t<\/div>\n\t\t\t\t<\/div>\n\t\t\t\t\t<\/div>\n\t\t\t\t<\/div>\n\t\t<div class=\"elementor-element elementor-element-0ad400c e-flex e-con-boxed e-con e-parent\" data-id=\"0ad400c\" data-element_type=\"container\" data-e-type=\"container\">\n\t\t\t\t\t<div class=\"e-con-inner\">\n\t\t<div class=\"elementor-element elementor-element-030aaf8 e-con-full e-flex e-con e-child\" data-id=\"030aaf8\" data-element_type=\"container\" data-e-type=\"container\">\n\t\t\t\t<div class=\"elementor-element elementor-element-98eb700 elementor-widget elementor-widget-image\" data-id=\"98eb700\" data-element_type=\"widget\" data-e-type=\"widget\" data-widget_type=\"image.default\">\n\t\t\t\t<div class=\"elementor-widget-container\">\n\t\t\t\t\t\t\t\t\t\t\t\t\t\t\t<img fetchpriority=\"high\" decoding=\"async\" width=\"950\" height=\"807\" src=\"https:\/\/jaffvtt.fr\/wp-content\/uploads\/2023\/01\/IMG_20210608_112012-1-1024x870.jpg\" class=\"attachment-large size-large wp-image-677\" alt=\"\" srcset=\"https:\/\/jaffvtt.fr\/wp-content\/uploads\/2023\/01\/IMG_20210608_112012-1-1024x870.jpg 1024w, https:\/\/jaffvtt.fr\/wp-content\/uploads\/2023\/01\/IMG_20210608_112012-1-300x255.jpg 300w, https:\/\/jaffvtt.fr\/wp-content\/uploads\/2023\/01\/IMG_20210608_112012-1-768x652.jpg 768w, https:\/\/jaffvtt.fr\/wp-content\/uploads\/2023\/01\/IMG_20210608_112012-1-1536x1304.jpg 1536w, https:\/\/jaffvtt.fr\/wp-content\/uploads\/2023\/01\/IMG_20210608_112012-1-2048x1739.jpg 2048w, https:\/\/jaffvtt.fr\/wp-content\/uploads\/2023\/01\/IMG_20210608_112012-1-scaled-2000x1698.jpg 2000w\" sizes=\"100vw\" \/>\t\t\t\t\t\t\t\t\t\t\t\t\t\t\t<\/div>\n\t\t\t\t<\/div>\n\t\t\t\t<\/div>\n\t\t<div class=\"elementor-element elementor-element-9dddd1b e-con-full e-flex e-con e-child\" data-id=\"9dddd1b\" data-element_type=\"container\" data-e-type=\"container\">\n\t\t\t\t<div class=\"elementor-element elementor-element-7045a9b elementor-widget elementor-widget-image\" data-id=\"7045a9b\" data-element_type=\"widget\" data-e-type=\"widget\" data-widget_type=\"image.default\">\n\t\t\t\t<div class=\"elementor-widget-container\">\n\t\t\t\t\t\t\t\t\t\t\t\t\t\t\t<img decoding=\"async\" width=\"708\" height=\"1024\" src=\"https:\/\/jaffvtt.fr\/wp-content\/uploads\/2023\/01\/IMG_20210608_112004-1-708x1024.jpg\" class=\"attachment-large size-large wp-image-676\" alt=\"\" srcset=\"https:\/\/jaffvtt.fr\/wp-content\/uploads\/2023\/01\/IMG_20210608_112004-1-708x1024.jpg 708w, https:\/\/jaffvtt.fr\/wp-content\/uploads\/2023\/01\/IMG_20210608_112004-1-207x300.jpg 207w, https:\/\/jaffvtt.fr\/wp-content\/uploads\/2023\/01\/IMG_20210608_112004-1-768x1111.jpg 768w, https:\/\/jaffvtt.fr\/wp-content\/uploads\/2023\/01\/IMG_20210608_112004-1-1062x1536.jpg 1062w, https:\/\/jaffvtt.fr\/wp-content\/uploads\/2023\/01\/IMG_20210608_112004-1-1416x2048.jpg 1416w, https:\/\/jaffvtt.fr\/wp-content\/uploads\/2023\/01\/IMG_20210608_112004-1-scaled.jpg 1770w\" sizes=\"100vw\" \/>\t\t\t\t\t\t\t\t\t\t\t\t\t\t\t<\/div>\n\t\t\t\t<\/div>\n\t\t\t\t<\/div>\n\t\t\t\t\t<\/div>\n\t\t\t\t<\/div>\n\t\t<div class=\"elementor-element elementor-element-b6c58c2 e-flex e-con-boxed e-con e-parent\" data-id=\"b6c58c2\" data-element_type=\"container\" data-e-type=\"container\">\n\t\t\t\t\t<div class=\"e-con-inner\">\n\t\t\t\t<div class=\"elementor-element elementor-element-e28c9d9 elementor-widget elementor-widget-spacer\" data-id=\"e28c9d9\" data-element_type=\"widget\" data-e-type=\"widget\" data-widget_type=\"spacer.default\">\n\t\t\t\t<div class=\"elementor-widget-container\">\n\t\t\t\t\t\t\t<div class=\"elementor-spacer\">\n\t\t\t<div class=\"elementor-spacer-inner\"><\/div>\n\t\t<\/div>\n\t\t\t\t\t\t<\/div>\n\t\t\t\t<\/div>\n\t\t\t\t\t<\/div>\n\t\t\t\t<\/div>\n\t\t<div class=\"elementor-element elementor-element-3fdae37 e-grid e-con-boxed e-con e-parent\" data-id=\"3fdae37\" data-element_type=\"container\" data-e-type=\"container\" data-settings=\"{&quot;background_background&quot;:&quot;classic&quot;}\">\n\t\t\t\t\t<div class=\"e-con-inner\">\n\t\t\t\t<div class=\"elementor-element elementor-element-3ac346a elementor-widget elementor-widget-image\" data-id=\"3ac346a\" data-element_type=\"widget\" data-e-type=\"widget\" data-widget_type=\"image.default\">\n\t\t\t\t<div class=\"elementor-widget-container\">\n\t\t\t\t\t\t\t\t\t\t\t\t\t\t\t<img decoding=\"async\" width=\"633\" height=\"355\" src=\"https:\/\/jaffvtt.fr\/wp-content\/uploads\/2023\/01\/byb3-1.png\" class=\"attachment-large size-large wp-image-674\" alt=\"\" srcset=\"https:\/\/jaffvtt.fr\/wp-content\/uploads\/2023\/01\/byb3-1.png 633w, https:\/\/jaffvtt.fr\/wp-content\/uploads\/2023\/01\/byb3-1-300x168.png 300w\" sizes=\"100vw\" \/>\t\t\t\t\t\t\t\t\t\t\t\t\t\t\t<\/div>\n\t\t\t\t<\/div>\n\t\t\t\t<div class=\"elementor-element elementor-element-f061b8e elementor-widget elementor-widget-image\" data-id=\"f061b8e\" data-element_type=\"widget\" data-e-type=\"widget\" data-widget_type=\"image.default\">\n\t\t\t\t<div class=\"elementor-widget-container\">\n\t\t\t\t\t\t\t\t\t\t\t\t\t\t\t<img loading=\"lazy\" decoding=\"async\" width=\"630\" height=\"349\" src=\"https:\/\/jaffvtt.fr\/wp-content\/uploads\/2023\/01\/byb2-1.png\" class=\"attachment-large size-large wp-image-673\" alt=\"\" srcset=\"https:\/\/jaffvtt.fr\/wp-content\/uploads\/2023\/01\/byb2-1.png 630w, https:\/\/jaffvtt.fr\/wp-content\/uploads\/2023\/01\/byb2-1-300x166.png 300w\" sizes=\"100vw\" \/>\t\t\t\t\t\t\t\t\t\t\t\t\t\t\t<\/div>\n\t\t\t\t<\/div>\n\t\t\t\t<div class=\"elementor-element elementor-element-ee3fad9 elementor-widget elementor-widget-image\" data-id=\"ee3fad9\" data-element_type=\"widget\" data-e-type=\"widget\" data-widget_type=\"image.default\">\n\t\t\t\t<div class=\"elementor-widget-container\">\n\t\t\t\t\t\t\t\t\t\t\t\t\t\t\t<img loading=\"lazy\" decoding=\"async\" width=\"688\" height=\"446\" src=\"https:\/\/jaffvtt.fr\/wp-content\/uploads\/2023\/01\/byb-1.jpg\" class=\"attachment-large size-large wp-image-672\" alt=\"\" srcset=\"https:\/\/jaffvtt.fr\/wp-content\/uploads\/2023\/01\/byb-1.jpg 688w, https:\/\/jaffvtt.fr\/wp-content\/uploads\/2023\/01\/byb-1-300x194.jpg 300w\" sizes=\"100vw\" \/>\t\t\t\t\t\t\t\t\t\t\t\t\t\t\t<\/div>\n\t\t\t\t<\/div>\n\t\t\t\t\t<\/div>\n\t\t\t\t<\/div>\n\t\t<div class=\"elementor-element elementor-element-4004fe4 e-flex e-con-boxed e-con e-parent\" data-id=\"4004fe4\" data-element_type=\"container\" data-e-type=\"container\">\n\t\t\t\t\t<div class=\"e-con-inner\">\n\t\t\t\t<div class=\"elementor-element elementor-element-94f2f40 elementor-widget elementor-widget-spacer\" data-id=\"94f2f40\" data-element_type=\"widget\" data-e-type=\"widget\" data-widget_type=\"spacer.default\">\n\t\t\t\t<div class=\"elementor-widget-container\">\n\t\t\t\t\t\t\t<div class=\"elementor-spacer\">\n\t\t\t<div class=\"elementor-spacer-inner\"><\/div>\n\t\t<\/div>\n\t\t\t\t\t\t<\/div>\n\t\t\t\t<\/div>\n\t\t\t\t\t<\/div>\n\t\t\t\t<\/div>\n\t\t\t\t<\/div>\n\t\t","protected":false},"excerpt":{"rendered":"<p>T\u00c9L\u00c9M\u00c9TRIE Un r\u00e9glage parfait \u00e0 chaque fois gr\u00e2ce aux syst\u00e8mes d&#8217;acquisition de donn\u00e9es de t\u00e9l\u00e9m\u00e9trie BYB. V\u00e9rifiez l&#8217;\u00e9quilibre, la compensation, le rebond et le freinage \u00e0 l&#8217;aide du GPS pour un r\u00e9glage parfait.<\/p>\n","protected":false},"author":1,"featured_media":0,"parent":0,"menu_order":0,"comment_status":"closed","ping_status":"closed","template":"","meta":{"footnotes":""},"class_list":["post-1221","page","type-page","status-publish","hentry"],"_links":{"self":[{"href":"https:\/\/jaffvtt.fr\/index.php\/wp-json\/wp\/v2\/pages\/1221","targetHints":{"allow":["GET"]}}],"collection":[{"href":"https:\/\/jaffvtt.fr\/index.php\/wp-json\/wp\/v2\/pages"}],"about":[{"href":"https:\/\/jaffvtt.fr\/index.php\/wp-json\/wp\/v2\/types\/page"}],"author":[{"embeddable":true,"href":"https:\/\/jaffvtt.fr\/index.php\/wp-json\/wp\/v2\/users\/1"}],"replies":[{"embeddable":true,"href":"https:\/\/jaffvtt.fr\/index.php\/wp-json\/wp\/v2\/comments?post=1221"}],"version-history":[{"count":8,"href":"https:\/\/jaffvtt.fr\/index.php\/wp-json\/wp\/v2\/pages\/1221\/revisions"}],"predecessor-version":[{"id":1546,"href":"https:\/\/jaffvtt.fr\/index.php\/wp-json\/wp\/v2\/pages\/1221\/revisions\/1546"}],"wp:attachment":[{"href":"https:\/\/jaffvtt.fr\/index.php\/wp-json\/wp\/v2\/media?parent=1221"}],"curies":[{"name":"wp","href":"https:\/\/api.w.org\/{rel}","templated":true}]}}