{"id":224,"date":"2019-03-18T08:52:51","date_gmt":"2019-03-18T08:52:51","guid":{"rendered":"http:\/\/jaffvtt.fr\/?page_id=224"},"modified":"2025-04-01T13:54:40","modified_gmt":"2025-04-01T13:54:40","slug":"politique-de-confidentialite-fr","status":"publish","type":"page","link":"https:\/\/jaffvtt.fr\/index.php\/politique-de-confidentialite-fr\/","title":{"rendered":"Politique De Confidentialit\u00e9"},"content":{"rendered":"\t\t<div data-elementor-type=\"wp-page\" data-elementor-id=\"224\" class=\"elementor elementor-224\">\n\t\t\t\t<div class=\"elementor-element elementor-element-f77c511 e-flex e-con-boxed e-con e-parent\" data-id=\"f77c511\" data-element_type=\"container\" data-e-type=\"container\">\n\t\t\t\t\t<div class=\"e-con-inner\">\n\t\t\t\t<div class=\"elementor-element elementor-element-2b40b18 elementor-widget elementor-widget-heading\" data-id=\"2b40b18\" data-element_type=\"widget\" data-e-type=\"widget\" data-widget_type=\"heading.default\">\n\t\t\t\t<div class=\"elementor-widget-container\">\n\t\t\t\t\t<h2 class=\"elementor-heading-title elementor-size-default\">POLITIQUE DE CONFIDENTIALIT\u00c9<\/h2>\t\t\t\t<\/div>\n\t\t\t\t<\/div>\n\t\t\t\t\t<\/div>\n\t\t\t\t<\/div>\n\t\t<div class=\"elementor-element elementor-element-de11b7b e-flex e-con-boxed e-con e-parent\" data-id=\"de11b7b\" data-element_type=\"container\" data-e-type=\"container\" data-settings=\"{&quot;background_background&quot;:&quot;classic&quot;}\">\n\t\t\t\t\t<div class=\"e-con-inner\">\n\t\t\t\t<div class=\"elementor-element elementor-element-c537844 elementor-widget elementor-widget-text-editor\" data-id=\"c537844\" data-element_type=\"widget\" data-e-type=\"widget\" data-widget_type=\"text-editor.default\">\n\t\t\t\t<div class=\"elementor-widget-container\">\n\t\t\t\t\t\t\t\t\t<p>Nous nous engageons \u00e0 respecter votre droit \u00e0 la vie priv\u00e9e et \u00e0 contr\u00f4ler la mani\u00e8re dont vos informations sont collect\u00e9es, utilis\u00e9es, consult\u00e9es et supprim\u00e9es. Cette politique de confidentialit\u00e9 fait partie de la conformit\u00e9 de l&#8217;ensemble de notre site au r\u00e8glement g\u00e9n\u00e9ral de l&#8217;Union europ\u00e9enne sur la protection des donn\u00e9es (GDPR). Ce document d\u00e9crit les types d&#8217;informations personnelles que nous recevons et recueillons lorsque vous utilisez www.jaffvtt.fr, ainsi que les mesures que nous prenons pour prot\u00e9ger ces informations. Nous esp\u00e9rons que cela vous aidera \u00e0 prendre une d\u00e9cision \u00e9clair\u00e9e concernant le partage d&#8217;informations personnelles avec nous et la mani\u00e8re dont vous pouvez y acc\u00e9der et les contr\u00f4ler.<\/p><p>www.jaffvtt.fr s&#8217;efforce de maintenir les normes les plus \u00e9lev\u00e9es de d\u00e9cence, d&#8217;\u00e9quit\u00e9 et d&#8217;int\u00e9grit\u00e9 dans toutes ses op\u00e9rations. De m\u00eame, nous nous engageons \u00e0 prot\u00e9ger la confidentialit\u00e9 de nos clients, consommateurs et visiteurs en ligne sur notre site Web.<\/p><h2>Informations personnelles<\/h2><p>www.jaffvtt.fr ne collecte des informations personnelles des visiteurs de notre site Web que sur une base volontaire d\u2019opt-in. Les informations personnelles collect\u00e9es sur une base volontaire peuvent inclure le nom et l&#8217;adresse e-mail.<\/p><p>Ces informations ne sont collect\u00e9es que si vous nous demandez des informations, participez \u00e0 un concours, inscrivez-vous pour rejoindre notre liste de diffusion ou demandez un autre service ou des informations de notre part. Les informations collect\u00e9es sont examin\u00e9es en interne, utilis\u00e9es pour am\u00e9liorer le contenu de notre site Web, informer nos visiteurs des mises \u00e0 jour et r\u00e9pondre aux demandes des visiteurs.<\/p><p>Une fois les informations examin\u00e9es, elles sont supprim\u00e9es ou stock\u00e9es dans nos fichiers si elles font partie de la correspondance en cours. Si nous apportons des modifications importantes \u00e0 la collecte d&#8217;informations personnellement identifiables, nous vous en informerons en publiant un avis sur notre site. Les informations personnelles re\u00e7ues d&#8217;un visiteur ne seront utilis\u00e9es qu&#8217;\u00e0 des fins internes et ne seront ni vendues ni fournies \u00e0 des tiers.<\/p><h2>Utilisation de cookies et de balises Web<\/h2><p>Nous pouvons utiliser des cookies pour vous aider \u00e0 personnaliser votre exp\u00e9rience en ligne. Les cookies sont des identifiants qui sont transf\u00e9r\u00e9s sur le disque dur de votre ordinateur via votre navigateur Web pour permettre \u00e0 nos syst\u00e8mes de reconna\u00eetre votre navigateur. Le but d&#8217;un cookie est d&#8217;indiquer au serveur Web que vous \u00eates revenu \u00e0 une page sp\u00e9cifique. Par exemple, si vous personnalisez les pages des sites ou si vous vous inscrivez \u00e0 l\u2019un des services de notre site, un cookie permet \u00e0 www.jaffvtt.fr de rappeler vos informations sp\u00e9cifiques lors de visites ult\u00e9rieures.<\/p><p>Vous avez la possibilit\u00e9 d&#8217;accepter ou de refuser les cookies en modifiant votre navigateur Web. Toutefois, si vous choisissez de refuser les cookies, vous ne pourrez peut-\u00eatre pas profiter pleinement des fonctionnalit\u00e9s interactives du site.<\/p><p>Une balise Web est un fichier image transparent utilis\u00e9 pour surveiller votre parcours autour d&#8217;un site Web ou d&#8217;une collection de sites. Ils sont \u00e9galement appel\u00e9s bogues Web et sont couramment utilis\u00e9s par les sites qui font appel \u00e0 des services tiers pour surveiller le trafic. Ils peuvent \u00eatre utilis\u00e9s en association avec des cookies pour comprendre comment les visiteurs interagissent avec les pages et le contenu des pages d&#8217;un site Web.<\/p><p>Les navigateurs peuvent \u00eatre configur\u00e9s pour accepter ou refuser les cookies ou pour vous avertir de l&#8217;envoi d&#8217;un cookie. Un logiciel de confidentialit\u00e9 peut \u00eatre utilis\u00e9 pour remplacer les balises Web. Si vous optez pour l&#8217;une de ces actions, cela ne devrait pas poser de probl\u00e8me avec notre site.<\/p><h2>WordPress<\/h2><p>Ce site Web est propuls\u00e9 par <a href=\"http:\/\/wordpress.org\/\">WordPress.org<\/a> qui a \u00e9t\u00e9 mis \u00e0 jour \u00e0 la derni\u00e8re version compatible avec GDPR. Depuis la sortie de la version 4.9.6, le logiciel de base WordPress est conforme \u00e0 GDPR.<\/p><h2>Formulaires de contact<\/h2><p>Lorsque vous nous contactez sur www.jaffvtt.fr, vous utilisez le plug-in <a href=\"https:\/\/wpforms.com\/\">WPforms<\/a> Lite, qui est \u00e9galement enti\u00e8rement compatible GDPR.<\/p><p>Chaque contact n\u00e9cessite une confirmation sp\u00e9cifique indiquant que vous \u00eates satisfait de cette politique de confidentialit\u00e9 et que vous souhaitez partager votre nom, votre adresse \u00e9lectronique et votre message avec nous pour compl\u00e9ter notre correspondance. Les donn\u00e9es du formulaire sont envoy\u00e9es directement \u00e0 notre compte de messagerie www.jaffvtt.fr \u00e0 partir duquel nous vous r\u00e9pondrons. Les messages et nos r\u00e9ponses sont conserv\u00e9s de mani\u00e8re s\u00e9curis\u00e9e dans nos syst\u00e8mes. Ils seront examin\u00e9s p\u00e9riodiquement avec des threads redondants, les donn\u00e9es associ\u00e9es et les informations personnelles supprim\u00e9es si n\u00e9cessaire.<\/p><p>Les d\u00e9tails fournis dans les formulaires de contact ne seront utilis\u00e9s que pour la correspondance relative \u00e0 votre message. Ils ne seront jamais ajout\u00e9s automatiquement \u00e0 des listes de courrier \u00e9lectronique ou partag\u00e9s avec des tiers sans discussion et consentement sp\u00e9cifiques.<\/p><h2>Des m\u00e9dias sociaux<\/h2><p>Ce site Web utilise \u00e9galement des boutons de m\u00e9dias sociaux, y compris Facebook, qui permettent une interaction pratique avec ces r\u00e9seaux de m\u00e9dias sociaux. www.jaffvtt.fr ne collecte ni ne stocke aucune information personnelle, ni les donn\u00e9es associ\u00e9es \u00e0 ces boutons, mais des cookies peuvent \u00eatre utilis\u00e9s par ces boutons \/ sites pour permettre aux fonctionnalit\u00e9s de fonctionner correctement.<\/p><p>Ces boutons sont affich\u00e9s sur www.jaffvtt.fr par <a href=\"https:\/\/www.acurax.com\/products\/floating-social-media-icon-wordpress-plugin\/\">\u2018Floating Social Media Icons\u2019 par Acurax<\/a>.<\/p><p>En cliquant sur les boutons, vous vous dirigerez vers le site Web social o\u00f9 votre utilisation de leur site sera couverte par leurs politiques de confidentialit\u00e9 et de protection des donn\u00e9es.<\/p><h2>Les tiers<\/h2><p>Afin de faire fonctionner ce site Web, nous pouvons utiliser de nombreuses interfaces tierces pour analyser l\u2019utilisation, partager du contenu et mon\u00e9tiser. Certains de ces tiers utilisent vos donn\u00e9es anonymement ou autrement pour fournir leurs services. Les services que nous pouvons utiliser sont les suivants:<\/p><h3>Google Analytics<\/h3><p>www.jaffvtt.fr utilise Google Analytics pour analyser des donn\u00e9es anonymes sur le comportement des visiteurs, ce qui nous permet de d\u00e9terminer de quelle mani\u00e8re le site est utilis\u00e9, quelles sont ses caract\u00e9ristiques pr\u00e9f\u00e9r\u00e9es et ce qui ne l\u2019est pas, afin que nous puissions continuellement am\u00e9liorer ce site pour tous nos visiteurs.<\/p><p>Google Analytics fonctionne au moyen d&#8217;un code de suivi ajout\u00e9 aux pages d&#8217;un site Web. Chaque utilisateur est enregistr\u00e9 avec un identifiant unique, afin que Google Analytics puisse fournir aux administrateurs de sites Web un aper\u00e7u du nombre de visiteurs uniques sur le site et de leur comportement.<\/p><p>Pour plus d&#8217;informations sur les donn\u00e9es personnelles collect\u00e9es par Google Analytics, reportez-vous \u00e0 leur <a href=\"https:\/\/policies.google.com\/privacy\/update\">politique de confidentialit\u00e9<\/a> et \u00e0 leurs <a href=\"https:\/\/privacy.google.com\/businesses\/adsservices\/\">conditions de protection des donn\u00e9es Google Ads: Informations sur le service<\/a><\/p><p>En cliquant sur &#8220;accepter&#8221; dans la notification de cookie de conformit\u00e9 GDPR au bas de ce site, vous acceptez et acceptez notre utilisation de Google Analytics sur www.jaffvtt.fr.<\/p><h3>Contenu int\u00e9gr\u00e9 provenant d&#8217;autres sites Web<\/h3><p>Les articles sur ce site peuvent inclure du contenu incorpor\u00e9 (par exemple, des vid\u00e9os, des images, des articles, etc.). Le contenu int\u00e9gr\u00e9 d&#8217;autres sites Web se comporte exactement de la m\u00eame mani\u00e8re que si le visiteur avait visit\u00e9 l&#8217;autre site Web.<\/p><p>Ces sites Web peuvent collecter des donn\u00e9es \u00e0 votre sujet, utiliser des cookies, int\u00e9grer un suivi tiers suppl\u00e9mentaire et surveiller votre interaction avec ce contenu incorpor\u00e9, notamment en suivant votre interaction avec le contenu incorpor\u00e9 si vous avez un compte et \u00eates connect\u00e9 \u00e0 ce site Web.<\/p><h2>Informations non personnelles<\/h2><p>Dans certains cas, nous pouvons collecter des informations vous concernant qui ne sont pas personnellement identifiables. Nous utilisons ces informations, qui ne permettent pas d\u2019identifier des utilisateurs individuels, pour analyser les tendances, pour administrer le site, pour suivre les mouvements des utilisateurs sur le site et pour recueillir des informations d\u00e9mographiques sur l\u2019ensemble de notre base d\u2019utilisateurs. Les informations collect\u00e9es sont uniquement utilis\u00e9es \u00e0 des fins d&#8217;examen interne et ne sont pas partag\u00e9es avec d&#8217;autres organisations \u00e0 des fins commerciales.<\/p><h2>Publication d&#8217;information<\/h2><p>Si www.jaffvtt.fr est vendu, les informations que nous avons obtenues de votre participation volontaire sur notre site sont susceptibles d&#8217;\u00eatre transf\u00e9r\u00e9es au nouveau propri\u00e9taire dans le cadre de la vente afin que le service qui vous est fourni puisse continuer. Dans ce cas, vous recevrez une notification de notre changement de contr\u00f4le et de pratiques via notre site Web, et nous d\u00e9ploierons des efforts raisonnables pour nous assurer que l&#8217;acheteur respecte toutes les demandes de retrait que vous pourriez nous adresser.<\/p><h2>Comment corriger ou supprimer des informations<\/h2><p>Nous vous fournissons la pr\u00e9sente politique de confidentialit\u00e9 en tant qu&#8217;\u00e9nonc\u00e9 de notre engagement \u00e0 prot\u00e9ger vos informations personnelles et de notre conformit\u00e9 au r\u00e8glement g\u00e9n\u00e9ral. Si vous avez soumis des informations personnelles via notre site Web et souhaitez les supprimer de nos archives, acc\u00e9der aux informations que nous d\u00e9tenons ou si vous souhaitez mettre \u00e0 jour ou corriger ces informations, veuillez nous en informer \u00e0 l&#8217;aide du formulaire figurant sur notre <strong><a href=\"https:\/\/jaffvtt.fr\/index.php\/contactez-nous\/\">page de contact<\/a>.<\/strong><\/p><h2>Mises \u00e0 jour et date d&#8217;entr\u00e9e en vigueur<\/h2><p>Le r\u00e8glement de l&#8217;Union europ\u00e9enne sur la protection des donn\u00e9es est entr\u00e9 en vigueur le 25 mai 2018.<\/p><p>www.jaffvtt.fr se r\u00e9serve le droit de modifier cette politique. S&#8217;il y a un changement important dans nos pratiques de confidentialit\u00e9, nous indiquerons sur notre site que nos pratiques de confidentialit\u00e9 ont chang\u00e9 et fournirons un lien vers la nouvelle politique de confidentialit\u00e9. Nous vous encourageons \u00e0 consulter p\u00e9riodiquement cette politique afin de savoir quelles informations nous recueillons et comment nous les utilisons.<\/p><h2>Accepter les conditions<\/h2><p>Si vous n&#8217;acceptez pas la politique de confidentialit\u00e9 de www.jaffvtt.fr publi\u00e9e ici sur ce site, veuillez ne pas utiliser ce site ni les services propos\u00e9s par celui-ci. En plus de votre utilisation sp\u00e9cifique des \u00e9l\u00e9ments du site et de votre acceptation de notre avis de conformit\u00e9 GDPR, votre utilisation continue de ce site indique votre acceptation de la pr\u00e9sente politique de confidentialit\u00e9.<\/p>\t\t\t\t\t\t\t\t<\/div>\n\t\t\t\t<\/div>\n\t\t\t\t\t<\/div>\n\t\t\t\t<\/div>\n\t\t\t\t<\/div>\n\t\t","protected":false},"excerpt":{"rendered":"<p>POLITIQUE DE CONFIDENTIALIT\u00c9 Nous nous engageons \u00e0 respecter votre droit \u00e0 la vie priv\u00e9e et \u00e0 contr\u00f4ler la mani\u00e8re dont vos informations sont collect\u00e9es, utilis\u00e9es, consult\u00e9es et supprim\u00e9es. Cette politique de confidentialit\u00e9 fait partie de la conformit\u00e9 de l&#8217;ensemble de notre site au r\u00e8glement g\u00e9n\u00e9ral de l&#8217;Union europ\u00e9enne sur la protection des donn\u00e9es (GDPR). Ce &hellip; <\/p>\n<p class=\"link-more\"><a href=\"https:\/\/jaffvtt.fr\/index.php\/politique-de-confidentialite-fr\/\" class=\"more-link\">Read more<span class=\"screen-reader-text\"> &#8220;Politique De Confidentialit\u00e9&#8221;<\/span><\/a><\/p>\n","protected":false},"author":1,"featured_media":0,"parent":0,"menu_order":0,"comment_status":"closed","ping_status":"closed","template":"","meta":{"footnotes":""},"class_list":["post-224","page","type-page","status-publish","hentry"],"_links":{"self":[{"href":"https:\/\/jaffvtt.fr\/index.php\/wp-json\/wp\/v2\/pages\/224","targetHints":{"allow":["GET"]}}],"collection":[{"href":"https:\/\/jaffvtt.fr\/index.php\/wp-json\/wp\/v2\/pages"}],"about":[{"href":"https:\/\/jaffvtt.fr\/index.php\/wp-json\/wp\/v2\/types\/page"}],"author":[{"embeddable":true,"href":"https:\/\/jaffvtt.fr\/index.php\/wp-json\/wp\/v2\/users\/1"}],"replies":[{"embeddable":true,"href":"https:\/\/jaffvtt.fr\/index.php\/wp-json\/wp\/v2\/comments?post=224"}],"version-history":[{"count":19,"href":"https:\/\/jaffvtt.fr\/index.php\/wp-json\/wp\/v2\/pages\/224\/revisions"}],"predecessor-version":[{"id":1537,"href":"https:\/\/jaffvtt.fr\/index.php\/wp-json\/wp\/v2\/pages\/224\/revisions\/1537"}],"wp:attachment":[{"href":"https:\/\/jaffvtt.fr\/index.php\/wp-json\/wp\/v2\/media?parent=224"}],"curies":[{"name":"wp","href":"https:\/\/api.w.org\/{rel}","templated":true}]}}